{"id":36392,"date":"2024-11-08T14:55:26","date_gmt":"2024-11-08T19:55:26","guid":{"rendered":"https:\/\/edilex.com\/edilex-about\/"},"modified":"2025-10-22T09:31:58","modified_gmt":"2025-10-22T13:31:58","slug":"edilex-about","status":"publish","type":"page","link":"https:\/\/edilex.com\/en\/edilex-about\/","title":{"rendered":"Edilex &#8211; About"},"content":{"rendered":"\t\t<div data-elementor-type=\"wp-page\" data-elementor-id=\"36392\" class=\"elementor elementor-36392 elementor-37021\" data-elementor-post-type=\"page\">\n\t\t\t\t\t\t<div class=\"elementor-section elementor-top-section elementor-element elementor-element-53f17db0 elementor-section-boxed elementor-section-height-default elementor-section-height-default\" data-id=\"53f17db0\" data-element_type=\"section\" data-e-type=\"section\">\n\t\t\t\t\t\t<div class=\"elementor-container elementor-column-gap-default\">\n\t\t\t\t\t<div class=\"elementor-column elementor-col-100 elementor-top-column elementor-element elementor-element-203ae574\" data-id=\"203ae574\" data-element_type=\"column\" data-e-type=\"column\">\n\t\t\t<div class=\"elementor-widget-wrap elementor-element-populated\">\n\t\t\t\t\t\t<div class=\"elementor-element elementor-element-2532238 elementor-widget elementor-widget-heading\" data-id=\"2532238\" data-element_type=\"widget\" data-e-type=\"widget\" data-widget_type=\"heading.default\">\n\t\t\t\t<div class=\"elementor-widget-container\">\n\t\t\t\t\t<h2 class=\"elementor-heading-title elementor-size-default\">About us<\/h2>\t\t\t\t<\/div>\n\t\t\t\t<\/div>\n\t\t\t\t<div class=\"elementor-element elementor-element-1637f2d elementor-widget elementor-widget-spacer\" data-id=\"1637f2d\" data-element_type=\"widget\" data-e-type=\"widget\" data-widget_type=\"spacer.default\">\n\t\t\t\t<div class=\"elementor-widget-container\">\n\t\t\t\t\t\t\t<div class=\"elementor-spacer\">\n\t\t\t<div class=\"elementor-spacer-inner\"><\/div>\n\t\t<\/div>\n\t\t\t\t\t\t<\/div>\n\t\t\t\t<\/div>\n\t\t\t\t<div class=\"elementor-element elementor-element-2586379c elementor-widget-mobile__width-inherit elementor-widget__width-initial elementor-widget elementor-widget-image\" data-id=\"2586379c\" data-element_type=\"widget\" data-e-type=\"widget\" data-settings=\"{&quot;_animation&quot;:&quot;none&quot;}\" data-widget_type=\"image.default\">\n\t\t\t\t<div class=\"elementor-widget-container\">\n\t\t\t\t\t\t\t\t\t\t\t\t\t\t\t<img fetchpriority=\"high\" decoding=\"async\" width=\"4971\" height=\"3184\" src=\"https:\/\/edilex.com\/wp-content\/uploads\/2024\/02\/Fondaction-st-vincent-de-paul-Edilex.png\" class=\"attachment-full size-full wp-image-36308\" alt=\"\" srcset=\"https:\/\/edilex.com\/wp-content\/uploads\/2024\/02\/Fondaction-st-vincent-de-paul-Edilex.png 4971w, https:\/\/edilex.com\/wp-content\/uploads\/2024\/02\/Fondaction-st-vincent-de-paul-Edilex-300x192.png 300w, https:\/\/edilex.com\/wp-content\/uploads\/2024\/02\/Fondaction-st-vincent-de-paul-Edilex-1024x656.png 1024w, https:\/\/edilex.com\/wp-content\/uploads\/2024\/02\/Fondaction-st-vincent-de-paul-Edilex-768x492.png 768w, https:\/\/edilex.com\/wp-content\/uploads\/2024\/02\/Fondaction-st-vincent-de-paul-Edilex-1536x984.png 1536w, https:\/\/edilex.com\/wp-content\/uploads\/2024\/02\/Fondaction-st-vincent-de-paul-Edilex-2048x1312.png 2048w, https:\/\/edilex.com\/wp-content\/uploads\/2024\/02\/Fondaction-st-vincent-de-paul-Edilex-650x416.png 650w\" sizes=\"(max-width: 4971px) 100vw, 4971px\" \/>\t\t\t\t\t\t\t\t\t\t\t\t\t\t\t<\/div>\n\t\t\t\t<\/div>\n\t\t\t\t\t<\/div>\n\t\t<\/div>\n\t\t\t\t\t<\/div>\n\t\t<\/div>\n\t\t\t\t<section class=\"elementor-section elementor-top-section elementor-element elementor-element-2375f573 elementor-section-boxed elementor-section-height-default elementor-section-height-default\" data-id=\"2375f573\" data-element_type=\"section\" data-e-type=\"section\">\n\t\t\t\t\t\t<div class=\"elementor-container elementor-column-gap-default\">\n\t\t\t\t\t<div class=\"elementor-column elementor-col-100 elementor-top-column elementor-element elementor-element-3a11033b\" data-id=\"3a11033b\" data-element_type=\"column\" data-e-type=\"column\">\n\t\t\t<div class=\"elementor-widget-wrap elementor-element-populated\">\n\t\t\t\t\t\t<div class=\"elementor-element elementor-element-6e7ac140 elementor-widget elementor-widget-heading\" data-id=\"6e7ac140\" data-element_type=\"widget\" data-e-type=\"widget\" data-widget_type=\"heading.default\">\n\t\t\t\t<div class=\"elementor-widget-container\">\n\t\t\t\t\t<h2 class=\"elementor-heading-title elementor-size-default\">Our Values<\/h2>\t\t\t\t<\/div>\n\t\t\t\t<\/div>\n\t\t\t\t<section class=\"elementor-section elementor-inner-section elementor-element elementor-element-3727aad elementor-section-boxed elementor-section-height-default elementor-section-height-default\" data-id=\"3727aad\" data-element_type=\"section\" data-e-type=\"section\">\n\t\t\t\t\t\t<div class=\"elementor-container elementor-column-gap-custom\">\n\t\t\t\t\t<div class=\"elementor-column elementor-col-20 elementor-inner-column elementor-element elementor-element-79e8fd72\" data-id=\"79e8fd72\" data-element_type=\"column\" data-e-type=\"column\">\n\t\t\t<div class=\"elementor-widget-wrap elementor-element-populated\">\n\t\t\t\t\t\t<div class=\"elementor-element elementor-element-5b6c73f0 bdt-icon-type-icon bdt-icon-effect-none elementor-widget elementor-widget-bdt-advanced-icon-box\" data-id=\"5b6c73f0\" data-element_type=\"widget\" data-e-type=\"widget\" data-widget_type=\"bdt-advanced-icon-box.default\">\n\t\t\t\t<div class=\"elementor-widget-container\">\n\t\t\t\t\t\t\t<div class=\"bdt-ep-advanced-icon-box\">\n\n\t\t\t\t\t\t\t\n\t\t\n\t\t\t\t\n\t\t\t<div class=\"bdt-ep-advanced-icon-box-content\">\n\n\t\t\t\t\t\t\t\t\t\n\t\t\t\t\t<div class=\"bdt-ep-advanced-icon-box-title\">\n\t\t\t\t<span >\n\t\t\t\t\t01\t\t\t\t<\/span>\n\t\t\t<\/div>\n\t\t\n\n\t\t\t\t\t<div class=\"bdt-ep-advanced-icon-box-sub-title\">\n\t\t\t\tAudace\t\t\t<\/div>\n\t\t\n\t\t\t\t\t\n\t\t\t\t\n\t\t\t\t\n\t\t\t\t\t\t\t<\/div>\n\t\t<\/div>\n\n\t\t\n\t\t\n\t\t\t\t<\/div>\n\t\t\t\t<\/div>\n\t\t\t\t\t<\/div>\n\t\t<\/div>\n\t\t\t\t<div class=\"elementor-column elementor-col-20 elementor-inner-column elementor-element elementor-element-6a4be1b3\" data-id=\"6a4be1b3\" data-element_type=\"column\" data-e-type=\"column\">\n\t\t\t<div class=\"elementor-widget-wrap elementor-element-populated\">\n\t\t\t\t\t\t<div class=\"elementor-element elementor-element-4e94e863 bdt-icon-type-icon bdt-icon-effect-none elementor-widget elementor-widget-bdt-advanced-icon-box\" data-id=\"4e94e863\" data-element_type=\"widget\" data-e-type=\"widget\" data-widget_type=\"bdt-advanced-icon-box.default\">\n\t\t\t\t<div class=\"elementor-widget-container\">\n\t\t\t\t\t\t\t<div class=\"bdt-ep-advanced-icon-box\">\n\n\t\t\t\t\t\t\t\n\t\t\n\t\t\t\t\n\t\t\t<div class=\"bdt-ep-advanced-icon-box-content\">\n\n\t\t\t\t\t\t\t\t\t\n\t\t\t\t\t<div class=\"bdt-ep-advanced-icon-box-title\">\n\t\t\t\t<span >\n\t\t\t\t\t02\t\t\t\t<\/span>\n\t\t\t<\/div>\n\t\t\n\n\t\t\t\t\t<div class=\"bdt-ep-advanced-icon-box-sub-title\">\n\t\t\t\tInt\u00e9grit\u00e9\t\t\t<\/div>\n\t\t\n\t\t\t\t\t\n\t\t\t\t\n\t\t\t\t\n\t\t\t\t\t\t\t<\/div>\n\t\t<\/div>\n\n\t\t\n\t\t\n\t\t\t\t<\/div>\n\t\t\t\t<\/div>\n\t\t\t\t\t<\/div>\n\t\t<\/div>\n\t\t\t\t<div class=\"elementor-column elementor-col-20 elementor-inner-column elementor-element elementor-element-69798d70\" data-id=\"69798d70\" data-element_type=\"column\" data-e-type=\"column\">\n\t\t\t<div class=\"elementor-widget-wrap elementor-element-populated\">\n\t\t\t\t\t\t<div class=\"elementor-element elementor-element-23da3e4b bdt-icon-type-icon bdt-icon-effect-none elementor-widget elementor-widget-bdt-advanced-icon-box\" data-id=\"23da3e4b\" data-element_type=\"widget\" data-e-type=\"widget\" data-widget_type=\"bdt-advanced-icon-box.default\">\n\t\t\t\t<div class=\"elementor-widget-container\">\n\t\t\t\t\t\t\t<div class=\"bdt-ep-advanced-icon-box\">\n\n\t\t\t\t\t\t\t\n\t\t\n\t\t\t\t\n\t\t\t<div class=\"bdt-ep-advanced-icon-box-content\">\n\n\t\t\t\t\t\t\t\t\t\n\t\t\t\t\t<div class=\"bdt-ep-advanced-icon-box-title\">\n\t\t\t\t<span >\n\t\t\t\t\t03\t\t\t\t<\/span>\n\t\t\t<\/div>\n\t\t\n\n\t\t\t\t\t<div class=\"bdt-ep-advanced-icon-box-sub-title\">\n\t\t\t\tInnovation\t\t\t<\/div>\n\t\t\n\t\t\t\t\t\n\t\t\t\t\n\t\t\t\t\n\t\t\t\t\t\t\t<\/div>\n\t\t<\/div>\n\n\t\t\n\t\t\n\t\t\t\t<\/div>\n\t\t\t\t<\/div>\n\t\t\t\t\t<\/div>\n\t\t<\/div>\n\t\t\t\t<div class=\"elementor-column elementor-col-20 elementor-inner-column elementor-element elementor-element-2f1dda47\" data-id=\"2f1dda47\" data-element_type=\"column\" data-e-type=\"column\">\n\t\t\t<div class=\"elementor-widget-wrap elementor-element-populated\">\n\t\t\t\t\t\t<div class=\"elementor-element elementor-element-74a8912 bdt-icon-type-icon bdt-icon-effect-none elementor-widget elementor-widget-bdt-advanced-icon-box\" data-id=\"74a8912\" data-element_type=\"widget\" data-e-type=\"widget\" data-widget_type=\"bdt-advanced-icon-box.default\">\n\t\t\t\t<div class=\"elementor-widget-container\">\n\t\t\t\t\t\t\t<div class=\"bdt-ep-advanced-icon-box\">\n\n\t\t\t\t\t\t\t\n\t\t\n\t\t\t\t\n\t\t\t<div class=\"bdt-ep-advanced-icon-box-content\">\n\n\t\t\t\t\t\t\t\t\t\n\t\t\t\t\t<div class=\"bdt-ep-advanced-icon-box-title\">\n\t\t\t\t<span >\n\t\t\t\t\t04\t\t\t\t<\/span>\n\t\t\t<\/div>\n\t\t\n\n\t\t\t\t\t<div class=\"bdt-ep-advanced-icon-box-sub-title\">\n\t\t\t\tRigueur\t\t\t<\/div>\n\t\t\n\t\t\t\t\t\n\t\t\t\t\n\t\t\t\t\n\t\t\t\t\t\t\t<\/div>\n\t\t<\/div>\n\n\t\t\n\t\t\n\t\t\t\t<\/div>\n\t\t\t\t<\/div>\n\t\t\t\t\t<\/div>\n\t\t<\/div>\n\t\t\t\t<div class=\"elementor-column elementor-col-20 elementor-inner-column elementor-element elementor-element-ed627f8\" data-id=\"ed627f8\" data-element_type=\"column\" data-e-type=\"column\">\n\t\t\t<div class=\"elementor-widget-wrap elementor-element-populated\">\n\t\t\t\t\t\t<div class=\"elementor-element elementor-element-f8d38ee bdt-icon-type-icon bdt-icon-effect-none elementor-widget elementor-widget-bdt-advanced-icon-box\" data-id=\"f8d38ee\" data-element_type=\"widget\" data-e-type=\"widget\" data-widget_type=\"bdt-advanced-icon-box.default\">\n\t\t\t\t<div class=\"elementor-widget-container\">\n\t\t\t\t\t\t\t<div class=\"bdt-ep-advanced-icon-box\">\n\n\t\t\t\t\t\t\t\n\t\t\n\t\t\t\t\n\t\t\t<div class=\"bdt-ep-advanced-icon-box-content\">\n\n\t\t\t\t\t\t\t\t\t\n\t\t\t\t\t<div class=\"bdt-ep-advanced-icon-box-title\">\n\t\t\t\t<span >\n\t\t\t\t\t05\t\t\t\t<\/span>\n\t\t\t<\/div>\n\t\t\n\n\t\t\t\t\t<div class=\"bdt-ep-advanced-icon-box-sub-title\">\n\t\t\t\tSimplicit\u00e9\t\t\t<\/div>\n\t\t\n\t\t\t\t\t\n\t\t\t\t\n\t\t\t\t\n\t\t\t\t\t\t\t<\/div>\n\t\t<\/div>\n\n\t\t\n\t\t\n\t\t\t\t<\/div>\n\t\t\t\t<\/div>\n\t\t\t\t\t<\/div>\n\t\t<\/div>\n\t\t\t\t\t<\/div>\n\t\t<\/section>\n\t\t\t\t<div class=\"elementor-element elementor-element-50bb1cc8 elementor-widget__width-initial elementor-widget-mobile__width-inherit elementor-widget elementor-widget-text-editor\" data-id=\"50bb1cc8\" data-element_type=\"widget\" data-e-type=\"widget\" data-widget_type=\"text-editor.default\">\n\t\t\t\t<div class=\"elementor-widget-container\">\n\t\t\t\t\t\t\t\t\t<p>At the heart of our company, five fundamental values guide our daily lives: boldness driving us to challenge the status quo and explore new horizons; integrity ensuring a solid foundation of trust and mutual respect; innovation stimulating our constant quest for avant-garde solutions; rigor reflecting our commitment to excellence and precision; and simplicity guiding our approach to making our services accessible and understandable. Together, these principles shape our corporate culture and strengthen our determination to create lasting value for our clients, employees, and society.<\/p>\n\t\t\t\t\t\t\t\t<\/div>\n\t\t\t\t<\/div>\n\t\t\t\t\t<\/div>\n\t\t<\/div>\n\t\t\t\t\t<\/div>\n\t\t<\/section>\n\t\t\t\t<section class=\"elementor-section elementor-top-section elementor-element elementor-element-50f2c12d elementor-section-boxed elementor-section-height-default elementor-section-height-default\" data-id=\"50f2c12d\" data-element_type=\"section\" data-e-type=\"section\">\n\t\t\t\t\t\t<div class=\"elementor-container elementor-column-gap-no\">\n\t\t\t\t\t<div class=\"elementor-column elementor-col-50 elementor-top-column elementor-element elementor-element-4c58b906\" data-id=\"4c58b906\" data-element_type=\"column\" data-e-type=\"column\">\n\t\t\t<div class=\"elementor-widget-wrap elementor-element-populated\">\n\t\t\t\t\t\t<div class=\"elementor-element elementor-element-4e6cfbcb elementor-widget-mobile__width-inherit elementor-widget elementor-widget-image\" data-id=\"4e6cfbcb\" data-element_type=\"widget\" data-e-type=\"widget\" data-settings=\"{&quot;_animation&quot;:&quot;none&quot;}\" data-widget_type=\"image.default\">\n\t\t\t\t<div class=\"elementor-widget-container\">\n\t\t\t\t\t\t\t\t\t\t\t\t\t\t\t<img decoding=\"async\" width=\"1080\" height=\"1080\" src=\"https:\/\/edilex.com\/wp-content\/uploads\/2024\/02\/Business-team.png\" class=\"attachment-full size-full wp-image-36313\" alt=\"\" srcset=\"https:\/\/edilex.com\/wp-content\/uploads\/2024\/02\/Business-team.png 1080w, https:\/\/edilex.com\/wp-content\/uploads\/2024\/02\/Business-team-300x300.png 300w, https:\/\/edilex.com\/wp-content\/uploads\/2024\/02\/Business-team-1024x1024.png 1024w, https:\/\/edilex.com\/wp-content\/uploads\/2024\/02\/Business-team-150x150.png 150w, https:\/\/edilex.com\/wp-content\/uploads\/2024\/02\/Business-team-768x768.png 768w, https:\/\/edilex.com\/wp-content\/uploads\/2024\/02\/Business-team-650x650.png 650w\" sizes=\"(max-width: 1080px) 100vw, 1080px\" \/>\t\t\t\t\t\t\t\t\t\t\t\t\t\t\t<\/div>\n\t\t\t\t<\/div>\n\t\t\t\t\t<\/div>\n\t\t<\/div>\n\t\t\t\t<div class=\"elementor-column elementor-col-50 elementor-top-column elementor-element elementor-element-5bb39456\" data-id=\"5bb39456\" data-element_type=\"column\" data-e-type=\"column\" data-settings=\"{&quot;animation&quot;:&quot;none&quot;}\">\n\t\t\t<div class=\"elementor-widget-wrap elementor-element-populated\">\n\t\t\t\t\t\t<div class=\"elementor-element elementor-element-466ec425 elementor-widget-mobile__width-inherit elementor-invisible elementor-widget elementor-widget-text-editor\" data-id=\"466ec425\" data-element_type=\"widget\" data-e-type=\"widget\" data-settings=\"{&quot;_animation&quot;:&quot;fadeInRight&quot;}\" data-widget_type=\"text-editor.default\">\n\t\t\t\t<div class=\"elementor-widget-container\">\n\t\t\t\t\t\t\t\t\t<p>We are convinced that focusing on the human aspect launches any successful project, and from there, exceptional emotional relationships between the company and people are born.<\/p>\n\t\t\t\t\t\t\t\t<\/div>\n\t\t\t\t<\/div>\n\t\t\t\t\t<\/div>\n\t\t<\/div>\n\t\t\t\t\t<\/div>\n\t\t<\/section>\n\t\t\t\t<\/div>\n\t\t","protected":false},"excerpt":{"rendered":"<p>About us Our Values 01 Audace 02 Int\u00e9grit\u00e9 03 Innovation 04 Rigueur 05 Simplicit\u00e9 At the heart of our company, five fundamental [&hellip;]<\/p>\n","protected":false},"author":1,"featured_media":37052,"parent":0,"menu_order":0,"comment_status":"closed","ping_status":"closed","template":"","meta":{"inline_featured_image":false,"footnotes":""},"class_list":["post-36392","page","type-page","status-publish","has-post-thumbnail","hentry"],"yoast_head":"<!-- This site is optimized with the Yoast SEO Premium plugin v27.1 (Yoast SEO v27.4) - https:\/\/yoast.com\/product\/yoast-seo-premium-wordpress\/ -->\n<title>Edilex - About - Edilex.com<\/title>\n<meta name=\"robots\" content=\"index, follow, max-snippet:-1, max-image-preview:large, max-video-preview:-1\" \/>\n<link rel=\"canonical\" href=\"https:\/\/edilex.com\/en\/edilex-about\/\" \/>\n<meta property=\"og:locale\" content=\"en_US\" \/>\n<meta property=\"og:type\" content=\"article\" \/>\n<meta property=\"og:title\" content=\"Edilex - About\" \/>\n<meta property=\"og:description\" content=\"About us Our Values 01 Audace 02 Int\u00e9grit\u00e9 03 Innovation 04 Rigueur 05 Simplicit\u00e9 At the heart of our company, five fundamental [&hellip;]\" \/>\n<meta property=\"og:url\" content=\"https:\/\/edilex.com\/en\/edilex-about\/\" \/>\n<meta property=\"og:site_name\" content=\"Edilex.com\" \/>\n<meta property=\"article:modified_time\" content=\"2025-10-22T13:31:58+00:00\" \/>\n<meta property=\"og:image\" content=\"https:\/\/edilex.com\/wp-content\/uploads\/2024\/02\/Fondaction-st-vincent-de-paul-Edilex.png\" \/>\n<meta name=\"twitter:card\" content=\"summary_large_image\" \/>\n<meta name=\"twitter:label1\" content=\"Est. reading time\" \/>\n\t<meta name=\"twitter:data1\" content=\"2 minutes\" \/>\n<script type=\"application\/ld+json\" class=\"yoast-schema-graph\">{\"@context\":\"https:\\\/\\\/schema.org\",\"@graph\":[{\"@type\":\"WebPage\",\"@id\":\"https:\\\/\\\/edilex.com\\\/en\\\/edilex-about\\\/\",\"url\":\"https:\\\/\\\/edilex.com\\\/en\\\/edilex-about\\\/\",\"name\":\"Edilex - About - Edilex.com\",\"isPartOf\":{\"@id\":\"https:\\\/\\\/edilex.com\\\/en\\\/#website\"},\"primaryImageOfPage\":{\"@id\":\"https:\\\/\\\/edilex.com\\\/en\\\/edilex-about\\\/#primaryimage\"},\"image\":{\"@id\":\"https:\\\/\\\/edilex.com\\\/en\\\/edilex-about\\\/#primaryimage\"},\"thumbnailUrl\":\"https:\\\/\\\/edilex.com\\\/wp-content\\\/uploads\\\/2024\\\/11\\\/Visuel-Edilex-3.png\",\"datePublished\":\"2024-11-08T19:55:26+00:00\",\"dateModified\":\"2025-10-22T13:31:58+00:00\",\"breadcrumb\":{\"@id\":\"https:\\\/\\\/edilex.com\\\/en\\\/edilex-about\\\/#breadcrumb\"},\"inLanguage\":\"en-US\",\"potentialAction\":[{\"@type\":\"ReadAction\",\"target\":[\"https:\\\/\\\/edilex.com\\\/en\\\/edilex-about\\\/\"]}]},{\"@type\":\"ImageObject\",\"inLanguage\":\"en-US\",\"@id\":\"https:\\\/\\\/edilex.com\\\/en\\\/edilex-about\\\/#primaryimage\",\"url\":\"https:\\\/\\\/edilex.com\\\/wp-content\\\/uploads\\\/2024\\\/11\\\/Visuel-Edilex-3.png\",\"contentUrl\":\"https:\\\/\\\/edilex.com\\\/wp-content\\\/uploads\\\/2024\\\/11\\\/Visuel-Edilex-3.png\",\"width\":1800,\"height\":1800,\"caption\":\"\u00c0 propos Edilex\"},{\"@type\":\"BreadcrumbList\",\"@id\":\"https:\\\/\\\/edilex.com\\\/en\\\/edilex-about\\\/#breadcrumb\",\"itemListElement\":[{\"@type\":\"ListItem\",\"position\":1,\"name\":\"Accueil\",\"item\":\"https:\\\/\\\/edilex.com\\\/en\\\/\"},{\"@type\":\"ListItem\",\"position\":2,\"name\":\"Edilex &#8211; About\"}]},{\"@type\":\"WebSite\",\"@id\":\"https:\\\/\\\/edilex.com\\\/en\\\/#website\",\"url\":\"https:\\\/\\\/edilex.com\\\/en\\\/\",\"name\":\"Edilex.com\",\"description\":\"Offrir la meilleure exp\u00e9rience juridique par l&#039;innovation.\",\"publisher\":{\"@id\":\"https:\\\/\\\/edilex.com\\\/en\\\/#organization\"},\"potentialAction\":[{\"@type\":\"SearchAction\",\"target\":{\"@type\":\"EntryPoint\",\"urlTemplate\":\"https:\\\/\\\/edilex.com\\\/en\\\/?s={search_term_string}\"},\"query-input\":{\"@type\":\"PropertyValueSpecification\",\"valueRequired\":true,\"valueName\":\"search_term_string\"}}],\"inLanguage\":\"en-US\"},{\"@type\":\"Organization\",\"@id\":\"https:\\\/\\\/edilex.com\\\/en\\\/#organization\",\"name\":\"Edilex.com\",\"url\":\"https:\\\/\\\/edilex.com\\\/en\\\/\",\"logo\":{\"@type\":\"ImageObject\",\"inLanguage\":\"en-US\",\"@id\":\"https:\\\/\\\/edilex.com\\\/en\\\/#\\\/schema\\\/logo\\\/image\\\/\",\"url\":\"https:\\\/\\\/edilex.com\\\/wp-content\\\/uploads\\\/2024\\\/01\\\/Logo-Edilex-2024-Officiel.png\",\"contentUrl\":\"https:\\\/\\\/edilex.com\\\/wp-content\\\/uploads\\\/2024\\\/01\\\/Logo-Edilex-2024-Officiel.png\",\"width\":2313,\"height\":621,\"caption\":\"Edilex.com\"},\"image\":{\"@id\":\"https:\\\/\\\/edilex.com\\\/en\\\/#\\\/schema\\\/logo\\\/image\\\/\"}}]}<\/script>\n<!-- \/ Yoast SEO Premium plugin. -->","yoast_head_json":{"title":"Edilex - About - Edilex.com","robots":{"index":"index","follow":"follow","max-snippet":"max-snippet:-1","max-image-preview":"max-image-preview:large","max-video-preview":"max-video-preview:-1"},"canonical":"https:\/\/edilex.com\/en\/edilex-about\/","og_locale":"en_US","og_type":"article","og_title":"Edilex - About","og_description":"About us Our Values 01 Audace 02 Int\u00e9grit\u00e9 03 Innovation 04 Rigueur 05 Simplicit\u00e9 At the heart of our company, five fundamental [&hellip;]","og_url":"https:\/\/edilex.com\/en\/edilex-about\/","og_site_name":"Edilex.com","article_modified_time":"2025-10-22T13:31:58+00:00","og_image":[{"url":"https:\/\/edilex.com\/wp-content\/uploads\/2024\/02\/Fondaction-st-vincent-de-paul-Edilex.png","type":"","width":"","height":""}],"twitter_card":"summary_large_image","twitter_misc":{"Est. reading time":"2 minutes"},"schema":{"@context":"https:\/\/schema.org","@graph":[{"@type":"WebPage","@id":"https:\/\/edilex.com\/en\/edilex-about\/","url":"https:\/\/edilex.com\/en\/edilex-about\/","name":"Edilex - About - Edilex.com","isPartOf":{"@id":"https:\/\/edilex.com\/en\/#website"},"primaryImageOfPage":{"@id":"https:\/\/edilex.com\/en\/edilex-about\/#primaryimage"},"image":{"@id":"https:\/\/edilex.com\/en\/edilex-about\/#primaryimage"},"thumbnailUrl":"https:\/\/edilex.com\/wp-content\/uploads\/2024\/11\/Visuel-Edilex-3.png","datePublished":"2024-11-08T19:55:26+00:00","dateModified":"2025-10-22T13:31:58+00:00","breadcrumb":{"@id":"https:\/\/edilex.com\/en\/edilex-about\/#breadcrumb"},"inLanguage":"en-US","potentialAction":[{"@type":"ReadAction","target":["https:\/\/edilex.com\/en\/edilex-about\/"]}]},{"@type":"ImageObject","inLanguage":"en-US","@id":"https:\/\/edilex.com\/en\/edilex-about\/#primaryimage","url":"https:\/\/edilex.com\/wp-content\/uploads\/2024\/11\/Visuel-Edilex-3.png","contentUrl":"https:\/\/edilex.com\/wp-content\/uploads\/2024\/11\/Visuel-Edilex-3.png","width":1800,"height":1800,"caption":"\u00c0 propos Edilex"},{"@type":"BreadcrumbList","@id":"https:\/\/edilex.com\/en\/edilex-about\/#breadcrumb","itemListElement":[{"@type":"ListItem","position":1,"name":"Accueil","item":"https:\/\/edilex.com\/en\/"},{"@type":"ListItem","position":2,"name":"Edilex &#8211; About"}]},{"@type":"WebSite","@id":"https:\/\/edilex.com\/en\/#website","url":"https:\/\/edilex.com\/en\/","name":"Edilex.com","description":"Offrir la meilleure exp\u00e9rience juridique par l&#039;innovation.","publisher":{"@id":"https:\/\/edilex.com\/en\/#organization"},"potentialAction":[{"@type":"SearchAction","target":{"@type":"EntryPoint","urlTemplate":"https:\/\/edilex.com\/en\/?s={search_term_string}"},"query-input":{"@type":"PropertyValueSpecification","valueRequired":true,"valueName":"search_term_string"}}],"inLanguage":"en-US"},{"@type":"Organization","@id":"https:\/\/edilex.com\/en\/#organization","name":"Edilex.com","url":"https:\/\/edilex.com\/en\/","logo":{"@type":"ImageObject","inLanguage":"en-US","@id":"https:\/\/edilex.com\/en\/#\/schema\/logo\/image\/","url":"https:\/\/edilex.com\/wp-content\/uploads\/2024\/01\/Logo-Edilex-2024-Officiel.png","contentUrl":"https:\/\/edilex.com\/wp-content\/uploads\/2024\/01\/Logo-Edilex-2024-Officiel.png","width":2313,"height":621,"caption":"Edilex.com"},"image":{"@id":"https:\/\/edilex.com\/en\/#\/schema\/logo\/image\/"}}]}},"_links":{"self":[{"href":"https:\/\/edilex.com\/en\/wp-json\/wp\/v2\/pages\/36392","targetHints":{"allow":["GET"]}}],"collection":[{"href":"https:\/\/edilex.com\/en\/wp-json\/wp\/v2\/pages"}],"about":[{"href":"https:\/\/edilex.com\/en\/wp-json\/wp\/v2\/types\/page"}],"author":[{"embeddable":true,"href":"https:\/\/edilex.com\/en\/wp-json\/wp\/v2\/users\/1"}],"replies":[{"embeddable":true,"href":"https:\/\/edilex.com\/en\/wp-json\/wp\/v2\/comments?post=36392"}],"version-history":[{"count":3,"href":"https:\/\/edilex.com\/en\/wp-json\/wp\/v2\/pages\/36392\/revisions"}],"predecessor-version":[{"id":37808,"href":"https:\/\/edilex.com\/en\/wp-json\/wp\/v2\/pages\/36392\/revisions\/37808"}],"wp:featuredmedia":[{"embeddable":true,"href":"https:\/\/edilex.com\/en\/wp-json\/wp\/v2\/media\/37052"}],"wp:attachment":[{"href":"https:\/\/edilex.com\/en\/wp-json\/wp\/v2\/media?parent=36392"}],"curies":[{"name":"wp","href":"https:\/\/api.w.org\/{rel}","templated":true}]}}