{"id":34353,"date":"2024-02-26T10:39:13","date_gmt":"2024-02-26T15:39:13","guid":{"rendered":"https:\/\/wp-dev.edilex.com\/?page_id=34353"},"modified":"2025-01-14T11:48:39","modified_gmt":"2025-01-14T16:48:39","slug":"conditions-utilisation","status":"publish","type":"page","link":"https:\/\/edilex.com\/fr\/conditions-utilisation\/","title":{"rendered":"Conditions d&rsquo;utilisation"},"content":{"rendered":"\t\t<div data-elementor-type=\"wp-page\" data-elementor-id=\"34353\" class=\"elementor elementor-34353\" data-elementor-post-type=\"page\">\n\t\t\t\t<div class=\"elementor-element elementor-element-430ebc30 e-flex e-con-boxed e-con e-parent\" data-id=\"430ebc30\" data-element_type=\"container\" data-e-type=\"container\">\n\t\t\t\t\t<div class=\"e-con-inner\">\n\t\t\t\t<div class=\"elementor-element elementor-element-3015e739 elementor-widget elementor-widget-text-editor\" data-id=\"3015e739\" data-element_type=\"widget\" data-e-type=\"widget\" data-widget_type=\"text-editor.default\">\n\t\t\t\t<div class=\"elementor-widget-container\">\n\t\t\t\t\t\t\t\t\t<div class=\"et_pb_section et_pb_section_2 et_pb_with_background et_section_regular\"><div class=\"et_pb_row et_pb_row_1\"><div class=\"et_pb_column et_pb_column_4_4 et_pb_column_3 et_pb_css_mix_blend_mode_passthrough et-last-child\"><div class=\"et_pb_module et_pb_text et_pb_text_1 et_pb_text_align_left et_pb_bg_layout_light\"><div class=\"et_pb_text_inner\"><p>Derni\u00e8re mise \u00e0 jour\u00a0: 19 avril 2021<\/p><\/div><\/div><\/div><\/div><\/div><div class=\"et_pb_section et_pb_section_3 et_pb_with_background et_section_regular\"><div class=\"et_pb_row et_pb_row_2\"><div class=\"et_pb_column et_pb_column_4_4 et_pb_column_4 et_pb_css_mix_blend_mode_passthrough et-last-child\"><div class=\"et_pb_module et_pb_text et_pb_text_2 et_pb_text_align_left et_pb_bg_layout_light\"><div class=\"et_pb_text_inner\"><h4><strong>Bienvenue sur le site Internet de Edilex inc. (www.edilex.com).<\/strong><\/h4><h4>En naviguant dans notre site Internet, vous acceptez les modalit\u00e9s et conditions d\u2019utilisation qui suivent. Si telle n\u2019est pas votre intention, veuillez quitter le site.<\/h4><\/div><\/div><div class=\"et_pb_module et_pb_text et_pb_text_3 et_pb_text_align_left et_pb_bg_layout_light\"><div class=\"et_pb_text_inner\"><p><strong>\u00a0<\/strong><\/p><h4><strong>AVIS ET LICENCES D\u2019UTILISATION\u00a0<\/strong><\/h4><p>Les pr\u00e9sentes Licences s\u2019appliquent \u00e0 tous les documents, mod\u00e8les et\/ou contrats t\u00e9l\u00e9charg\u00e9s ou achet\u00e9s d\u2019Edilex inc. dans le cadre de votre abonnement, d\u2019un achat unitaire ou d\u2019une souscription (ci-apr\u00e8s les \u00ab\u00a0<strong>Produits Edilex<\/strong>\u00a0\u00bb).<\/p><\/div><\/div><\/div><\/div><div class=\"et_pb_row et_pb_row_3\"><div class=\"et_pb_column et_pb_column_1_2 et_pb_column_5 et_pb_css_mix_blend_mode_passthrough\"><div class=\"et_pb_module et_pb_text et_pb_text_4 et_pb_text_align_left et_pb_bg_layout_light\"><div class=\"et_pb_text_inner\"><p><strong>\u00a0<\/strong><\/p><h5><strong>Clauses sp\u00e9cifiques s\u2019appliquant \u00e0 l\u2019abonnement<\/strong><\/h5><p>L\u2019abonnement chez Edilex inc. vous autorise \u00e0 t\u00e9l\u00e9charger n\u2019importe quel Produit Edilex inclus \u00e0 votre abonnement, jusqu\u2019\u00e0 un maximum de 30 t\u00e9l\u00e9chargements par mois, lesquels sont tous prot\u00e9g\u00e9s par la\u00a0<em>Loi sur les droits d\u2019auteur\u00a0<\/em>du Canada et les trait\u00e9s internationaux s\u2019y rapportant et sont la propri\u00e9t\u00e9 exclusive d\u2019Edilex inc.<\/p><p>Les abonn\u00e9s chez Edilex inc. sont autoris\u00e9s, en vertu d\u2019une licence d\u2019utilisation non exclusive, \u00e0 \u00e0 utiliser, \u00e0 consulter, \u00e0 adapter, \u00e0 reproduire et\/ou \u00e0 modifier les Produits Edilex dans le cadre usuel de leurs activit\u00e9s professionnelles ou commerciales (ci-apr\u00e8s votre \u00ab\u00a0<strong>Licence<\/strong>\u00a0\u00bb), et ce, pour toute la dur\u00e9e de leur abonnement. Il est toutefois exclu des activit\u00e9s professionnelles ou commerciales autoris\u00e9es toute activit\u00e9 d\u2019\u00e9dition ou toute autre activit\u00e9 impliquant la diffusion partielle ou totale de son contenu aupr\u00e8s du public, et ce, par quelque moyen que ce soit.<\/p><p>Malgr\u00e9 le droit de modifier ou d\u2019adapter les Produits Edilex, il est strictement interdit de retirer les avis de propri\u00e9t\u00e9 intellectuelle se trouvant sur leur page titre ou de les alt\u00e9rer de quelque fa\u00e7on que ce soit.<\/p><p>Toute reproduction, partielle ou totale, des Produits Edilex, autrement que pour des fins d\u2019adaptation professionnelle ou commerciale autoris\u00e9e pr\u00e9c\u00e9demment, est strictement prohib\u00e9e.<\/p><\/div><\/div><\/div><div class=\"et_pb_column et_pb_column_1_2 et_pb_column_6 et_pb_css_mix_blend_mode_passthrough et-last-child\"><div class=\"et_pb_module et_pb_text et_pb_text_5 et_pb_text_align_left et_pb_bg_layout_light\"><div class=\"et_pb_text_inner\"><p><strong>\u00a0<\/strong><\/p><h5><strong>Clauses sp\u00e9cifiques s\u2019appliquant \u00e0 l\u2019achat unitaire et \u00e0 la souscription<\/strong><\/h5><p>Un achat unitaire et\/ou une souscription chez Edilex inc. vous autorisent \u00e0 t\u00e9l\u00e9charger les Produits Edilex achet\u00e9s, lesquels sont tous prot\u00e9g\u00e9s par la\u00a0<em>Loi sur les droits d\u2019auteur\u00a0<\/em>du Canada et les trait\u00e9s internationaux s\u2019y rapportant et sont la propri\u00e9t\u00e9 exclusive d\u2019Edilex inc.<\/p><p>Les clients ayant effectu\u00e9 un achat unitaire et\/ou une souscription sont autoris\u00e9s, en vertu d\u2019une licence d\u2019utilisation non exclusive, \u00e0 utiliser, \u00e0 consulter, \u00e0 adapter, \u00e0 reproduire et\/ou \u00e0 modifier les Produits Edilex dans le cadre usuel de leurs activit\u00e9s professionnelles ou commerciales (ci-apr\u00e8s votre \u00ab\u00a0<strong>Licence<\/strong>\u00a0\u00bb), et ce, une seule fois dans le cadre d\u2019un achat unitaire ou pendant la dur\u00e9e de la souscription dans le cadre d\u2019une souscription. Il est toutefois exclu des activit\u00e9s professionnelles ou commerciales autoris\u00e9es, toute activit\u00e9 d\u2019\u00e9dition ou toute autre activit\u00e9 impliquant la diffusion partielle ou totale de son contenu aupr\u00e8s du public, et ce, par quelque moyen que ce soit.<\/p><p>Malgr\u00e9 le droit de modifier ou d\u2019adapter les Produits Edilex, il est strictement interdit de retirer les avis de propri\u00e9t\u00e9 intellectuelle se trouvant sur leur page couverture ou de les alt\u00e9rer de quelque fa\u00e7on que ce soit.<\/p><p>Toute reproduction, partielle ou totale, des Produits Edilex, autrement que pour des fins d\u2019adaptation professionnelle autoris\u00e9e pr\u00e9c\u00e9demment, est strictement prohib\u00e9e.<\/p><\/div><\/div><\/div><\/div><div class=\"et_pb_row et_pb_row_4\"><div class=\"et_pb_column et_pb_column_4_4 et_pb_column_7 et_pb_css_mix_blend_mode_passthrough et-last-child\"><div class=\"et_pb_module et_pb_text et_pb_text_6 et_pb_text_align_left et_pb_bg_layout_light\"><div class=\"et_pb_text_inner\"><p><strong>\u00a0<\/strong><\/p><h5><strong>Clauses g\u00e9n\u00e9rales<\/strong><\/h5><p>Les clauses g\u00e9n\u00e9rales s\u2019appliquent \u00e0 votre Licence quel que soit son type.<\/p><p>Il est strictement d\u00e9fendu de t\u00e9l\u00e9charger les Produits Edilex en contravention \u00e0 votre Licence, notamment aux fins d\u2019archivage.<\/p><p>\u00c0 ce titre, vous vous engagez, sur demande d\u2019Edilex inc., \u00e0:<\/p><ul><li>Payer \u00e0 Edilex inc. la somme de 10$ pour chaque page d\u2019un produit Edilex, t\u00e9l\u00e9charg\u00e9e ou reproduite en contravention avec votre Licence;<\/li><li>D\u00e9truire ou consentir \u00e0 la destruction de tout fichier \u00e9lectronique contenant un Produit Edilex t\u00e9l\u00e9charg\u00e9, reproduit ou conserv\u00e9 en contravention avec votre Licence.<\/li><\/ul><p>Le droit d\u2019utiliser les Produits Edilex expire au moment o\u00f9 votre Licence prend fin.<\/p><p>Bien que les Produits Edilex soient revus et r\u00e9vis\u00e9s par l\u2019\u00e9quipe de juristes d\u2019Edilex inc. afin d\u2019\u00eatre conformes aux lois applicables au Qu\u00e9bec \u00e0 la date de leur r\u00e9daction, Edilex inc. ne peut en aucune fa\u00e7on garantir leur conformit\u00e9 ou leur utilit\u00e9 et se d\u00e9gage de toute garantie ou condition, implicite ou explicite, se rapportant au contenu de ces documents. Toute personne int\u00e9ress\u00e9e \u00e0 faire l\u2019utilisation de l\u2019un ou l\u2019autre des Produits Edilex devrait consulter un professionnel du droit pour s\u2019assurer de la conformit\u00e9 de leur contenu et de leur application \u00e0 sa situation particuli\u00e8re. Edilex inc. n\u2019est pas responsable de toute perte ou dommage subi, en tout ou en partie, attribuable \u00e0 toute erreur ou omission de sa part relativement \u00e0 la saisie, la compilation, l\u2019interpr\u00e9tation, la pr\u00e9sentation, la r\u00e9daction, la communication, la mise \u00e0 jour ou la livraison des informations contenues dans les Produits Edilex. Sans restreindre l\u2019application de ce qui pr\u00e9c\u00e8de, la responsabilit\u00e9 totale d\u2019Edilex inc. pour toute r\u00e9clamation en vertu de l\u2019utilisation des Produits Edilex ou reli\u00e9e \u00e0 cette utilisation ne peut exc\u00e9der, selon le cas, le co\u00fbt de l\u2019abonnement ou le prix unitaire d\u2019un document.<\/p><p>Cette entente constitue l\u2019unique entente entre vous et Edilex inc.<\/p><p>Par le t\u00e9l\u00e9chargement d\u2019un Produit Edilex, vous reconnaissez avoir pris connaissance des modalit\u00e9s de votre Licence et vous engagez \u00e0 les respecter dans leur int\u00e9gralit\u00e9. Edilex inc. se r\u00e9serve le droit de suspendre l\u2019abonnement si vous ne vous conformez pas \u00e0 votre Licence et aux modalit\u00e9s qui y sont reli\u00e9es, sans pr\u00e9judice \u00e0 ses autres droits et recours.<\/p><h5><strong><br \/>AVIS ET LICENCE (Sur chaque document individuel)<\/strong><\/h5><p>Ce document est prot\u00e9g\u00e9 par la\u00a0<em>Loi sur le droit d\u2019auteur<\/em>\u00a0du Canada et les trait\u00e9s internationaux s\u2019y rapportant. Toute reproduction non autoris\u00e9e de ce document, qu\u2019elle soit totale ou partielle, est strictement interdite. Les abonn\u00e9s chez Edilex inc., ainsi que les clients qui ont pay\u00e9 le prix unitaire de ce document, sont cependant autoris\u00e9s \u00e0 reproduire celui-ci aux fins de consultation et d\u2019adaptation seulement, dans le cadre usuel de leurs activit\u00e9s commerciales ou professionnelles, pourvu que lesdites activit\u00e9s ne soient pas des activit\u00e9s d\u2019\u00e9dition ou d\u2019autres activit\u00e9s impliquant la distribution totale ou partielle du contenu de ce document au public, pour quel que motif que ce soit.<\/p><p>Bien que les Produits Edilex soient revus et r\u00e9vis\u00e9s par l\u2019\u00e9quipe de juristes d\u2019Edilex inc. afin d\u2019\u00eatre conformes aux lois applicables au Qu\u00e9bec \u00e0 la date de leur r\u00e9daction, Edilex inc. ne peut en aucune fa\u00e7on garantir leur conformit\u00e9 ou leur utilit\u00e9 et se d\u00e9gage de toute garantie ou condition, implicite ou explicite, se rapportant au contenu de ces documents. Toute personne int\u00e9ress\u00e9e \u00e0 faire l\u2019utilisation de l\u2019un ou l\u2019autre des Produits Edilex devrait consulter un professionnel du droit pour s\u2019assurer de la conformit\u00e9 de leur contenu et de leur application \u00e0 sa situation particuli\u00e8re. Edilex inc. n\u2019est pas responsable de toute perte ou dommage subi, en tout ou en partie, attribuable \u00e0 toute erreur ou omission de sa part relativement \u00e0 la saisie, la compilation, l\u2019interpr\u00e9tation, la pr\u00e9sentation, la r\u00e9daction, la communication, la mise \u00e0 jour ou la livraison des informations contenues dans\u00a0les Produits Edilex. Sans restreindre l\u2019application de ce qui pr\u00e9c\u00e8de, la responsabilit\u00e9 totale d\u2019Edilex inc. pour toute r\u00e9clamation en vertu de l\u2019utilisation des Produits Edilex ou reli\u00e9e \u00e0 cette utilisation ne peut exc\u00e9der, selon le cas, le co\u00fbt de l\u2019abonnement ou le prix unitaire d\u2019un document.<\/p><\/div><\/div><\/div><\/div><\/div>\t\t\t\t\t\t\t\t<\/div>\n\t\t\t\t<\/div>\n\t\t\t\t\t<\/div>\n\t\t\t\t<\/div>\n\t\t\t\t<\/div>\n\t\t","protected":false},"excerpt":{"rendered":"<p>Derni\u00e8re mise \u00e0 jour\u00a0: 19 avril 2021 Bienvenue sur le site Internet de Edilex inc. (www.edilex.com). En naviguant dans notre site Internet, [&hellip;]<\/p>\n","protected":false},"author":2,"featured_media":37409,"parent":0,"menu_order":0,"comment_status":"closed","ping_status":"closed","template":"","meta":{"inline_featured_image":false,"footnotes":""},"class_list":["post-34353","page","type-page","status-publish","has-post-thumbnail","hentry"],"yoast_head":"<!-- This site is optimized with the Yoast SEO Premium plugin v27.1 (Yoast SEO v27.5) - https:\/\/yoast.com\/product\/yoast-seo-premium-wordpress\/ -->\n<title>Conditions utilisation - Edilex<\/title>\n<meta name=\"description\" content=\"Conditions d&#039;utilisation : En naviguant dans notre site Internet, vous acceptez les modalit\u00e9s et conditions d\u2019utilisation qui suivent...\" \/>\n<meta name=\"robots\" content=\"index, follow, max-snippet:-1, max-image-preview:large, max-video-preview:-1\" \/>\n<link rel=\"canonical\" href=\"https:\/\/edilex.com\/fr\/conditions-utilisation\/\" \/>\n<meta property=\"og:locale\" content=\"fr_FR\" \/>\n<meta property=\"og:type\" content=\"article\" \/>\n<meta property=\"og:title\" content=\"Conditions d&#039;utilisation\" \/>\n<meta property=\"og:description\" content=\"Conditions d&#039;utilisation : En naviguant dans notre site Internet, vous acceptez les modalit\u00e9s et conditions d\u2019utilisation qui suivent...\" \/>\n<meta property=\"og:url\" content=\"https:\/\/edilex.com\/fr\/conditions-utilisation\/\" \/>\n<meta property=\"og:site_name\" content=\"Edilex.com\" \/>\n<meta property=\"article:modified_time\" content=\"2025-01-14T16:48:39+00:00\" \/>\n<meta property=\"og:image\" content=\"https:\/\/edilex.com\/wp-content\/uploads\/2025\/01\/augmentation-appel-offre-couverture-Edilex-2024.jpg\" \/>\n\t<meta property=\"og:image:width\" content=\"1000\" \/>\n\t<meta property=\"og:image:height\" content=\"650\" \/>\n\t<meta property=\"og:image:type\" content=\"image\/jpeg\" \/>\n<meta name=\"twitter:card\" content=\"summary_large_image\" \/>\n<meta name=\"twitter:label1\" content=\"Dur\u00e9e de lecture estim\u00e9e\" \/>\n\t<meta name=\"twitter:data1\" content=\"6 minutes\" \/>\n<script type=\"application\/ld+json\" class=\"yoast-schema-graph\">{\"@context\":\"https:\\\/\\\/schema.org\",\"@graph\":[{\"@type\":\"WebPage\",\"@id\":\"https:\\\/\\\/edilex.com\\\/fr\\\/conditions-utilisation\\\/\",\"url\":\"https:\\\/\\\/edilex.com\\\/fr\\\/conditions-utilisation\\\/\",\"name\":\"Conditions utilisation - Edilex\",\"isPartOf\":{\"@id\":\"https:\\\/\\\/edilex.com\\\/fr\\\/#website\"},\"primaryImageOfPage\":{\"@id\":\"https:\\\/\\\/edilex.com\\\/fr\\\/conditions-utilisation\\\/#primaryimage\"},\"image\":{\"@id\":\"https:\\\/\\\/edilex.com\\\/fr\\\/conditions-utilisation\\\/#primaryimage\"},\"thumbnailUrl\":\"https:\\\/\\\/edilex.com\\\/wp-content\\\/uploads\\\/2025\\\/01\\\/augmentation-appel-offre-couverture-Edilex-2024.jpg\",\"datePublished\":\"2024-02-26T15:39:13+00:00\",\"dateModified\":\"2025-01-14T16:48:39+00:00\",\"description\":\"Conditions d'utilisation : En naviguant dans notre site Internet, vous acceptez les modalit\u00e9s et conditions d\u2019utilisation qui suivent...\",\"breadcrumb\":{\"@id\":\"https:\\\/\\\/edilex.com\\\/fr\\\/conditions-utilisation\\\/#breadcrumb\"},\"inLanguage\":\"fr-FR\",\"potentialAction\":[{\"@type\":\"ReadAction\",\"target\":[\"https:\\\/\\\/edilex.com\\\/fr\\\/conditions-utilisation\\\/\"]}]},{\"@type\":\"ImageObject\",\"inLanguage\":\"fr-FR\",\"@id\":\"https:\\\/\\\/edilex.com\\\/fr\\\/conditions-utilisation\\\/#primaryimage\",\"url\":\"https:\\\/\\\/edilex.com\\\/wp-content\\\/uploads\\\/2025\\\/01\\\/augmentation-appel-offre-couverture-Edilex-2024.jpg\",\"contentUrl\":\"https:\\\/\\\/edilex.com\\\/wp-content\\\/uploads\\\/2025\\\/01\\\/augmentation-appel-offre-couverture-Edilex-2024.jpg\",\"width\":1000,\"height\":650,\"caption\":\"conditions d'utilisation\"},{\"@type\":\"BreadcrumbList\",\"@id\":\"https:\\\/\\\/edilex.com\\\/fr\\\/conditions-utilisation\\\/#breadcrumb\",\"itemListElement\":[{\"@type\":\"ListItem\",\"position\":1,\"name\":\"Accueil\",\"item\":\"https:\\\/\\\/edilex.com\\\/fr\\\/\"},{\"@type\":\"ListItem\",\"position\":2,\"name\":\"Conditions d&#8217;utilisation\"}]},{\"@type\":\"WebSite\",\"@id\":\"https:\\\/\\\/edilex.com\\\/fr\\\/#website\",\"url\":\"https:\\\/\\\/edilex.com\\\/fr\\\/\",\"name\":\"Edilex.com\",\"description\":\"Offrir la meilleure exp\u00e9rience juridique par l&#039;innovation.\",\"publisher\":{\"@id\":\"https:\\\/\\\/edilex.com\\\/fr\\\/#organization\"},\"potentialAction\":[{\"@type\":\"SearchAction\",\"target\":{\"@type\":\"EntryPoint\",\"urlTemplate\":\"https:\\\/\\\/edilex.com\\\/fr\\\/?s={search_term_string}\"},\"query-input\":{\"@type\":\"PropertyValueSpecification\",\"valueRequired\":true,\"valueName\":\"search_term_string\"}}],\"inLanguage\":\"fr-FR\"},{\"@type\":\"Organization\",\"@id\":\"https:\\\/\\\/edilex.com\\\/fr\\\/#organization\",\"name\":\"Edilex.com\",\"url\":\"https:\\\/\\\/edilex.com\\\/fr\\\/\",\"logo\":{\"@type\":\"ImageObject\",\"inLanguage\":\"fr-FR\",\"@id\":\"https:\\\/\\\/edilex.com\\\/fr\\\/#\\\/schema\\\/logo\\\/image\\\/\",\"url\":\"https:\\\/\\\/edilex.com\\\/wp-content\\\/uploads\\\/2024\\\/01\\\/Logo-Edilex-2024-Officiel.png\",\"contentUrl\":\"https:\\\/\\\/edilex.com\\\/wp-content\\\/uploads\\\/2024\\\/01\\\/Logo-Edilex-2024-Officiel.png\",\"width\":2313,\"height\":621,\"caption\":\"Edilex.com\"},\"image\":{\"@id\":\"https:\\\/\\\/edilex.com\\\/fr\\\/#\\\/schema\\\/logo\\\/image\\\/\"}}]}<\/script>\n<!-- \/ Yoast SEO Premium plugin. -->","yoast_head_json":{"title":"Conditions utilisation - Edilex","description":"Conditions d'utilisation : En naviguant dans notre site Internet, vous acceptez les modalit\u00e9s et conditions d\u2019utilisation qui suivent...","robots":{"index":"index","follow":"follow","max-snippet":"max-snippet:-1","max-image-preview":"max-image-preview:large","max-video-preview":"max-video-preview:-1"},"canonical":"https:\/\/edilex.com\/fr\/conditions-utilisation\/","og_locale":"fr_FR","og_type":"article","og_title":"Conditions d'utilisation","og_description":"Conditions d'utilisation : En naviguant dans notre site Internet, vous acceptez les modalit\u00e9s et conditions d\u2019utilisation qui suivent...","og_url":"https:\/\/edilex.com\/fr\/conditions-utilisation\/","og_site_name":"Edilex.com","article_modified_time":"2025-01-14T16:48:39+00:00","og_image":[{"width":1000,"height":650,"url":"https:\/\/edilex.com\/wp-content\/uploads\/2025\/01\/augmentation-appel-offre-couverture-Edilex-2024.jpg","type":"image\/jpeg"}],"twitter_card":"summary_large_image","twitter_misc":{"Dur\u00e9e de lecture estim\u00e9e":"6 minutes"},"schema":{"@context":"https:\/\/schema.org","@graph":[{"@type":"WebPage","@id":"https:\/\/edilex.com\/fr\/conditions-utilisation\/","url":"https:\/\/edilex.com\/fr\/conditions-utilisation\/","name":"Conditions utilisation - Edilex","isPartOf":{"@id":"https:\/\/edilex.com\/fr\/#website"},"primaryImageOfPage":{"@id":"https:\/\/edilex.com\/fr\/conditions-utilisation\/#primaryimage"},"image":{"@id":"https:\/\/edilex.com\/fr\/conditions-utilisation\/#primaryimage"},"thumbnailUrl":"https:\/\/edilex.com\/wp-content\/uploads\/2025\/01\/augmentation-appel-offre-couverture-Edilex-2024.jpg","datePublished":"2024-02-26T15:39:13+00:00","dateModified":"2025-01-14T16:48:39+00:00","description":"Conditions d'utilisation : En naviguant dans notre site Internet, vous acceptez les modalit\u00e9s et conditions d\u2019utilisation qui suivent...","breadcrumb":{"@id":"https:\/\/edilex.com\/fr\/conditions-utilisation\/#breadcrumb"},"inLanguage":"fr-FR","potentialAction":[{"@type":"ReadAction","target":["https:\/\/edilex.com\/fr\/conditions-utilisation\/"]}]},{"@type":"ImageObject","inLanguage":"fr-FR","@id":"https:\/\/edilex.com\/fr\/conditions-utilisation\/#primaryimage","url":"https:\/\/edilex.com\/wp-content\/uploads\/2025\/01\/augmentation-appel-offre-couverture-Edilex-2024.jpg","contentUrl":"https:\/\/edilex.com\/wp-content\/uploads\/2025\/01\/augmentation-appel-offre-couverture-Edilex-2024.jpg","width":1000,"height":650,"caption":"conditions d'utilisation"},{"@type":"BreadcrumbList","@id":"https:\/\/edilex.com\/fr\/conditions-utilisation\/#breadcrumb","itemListElement":[{"@type":"ListItem","position":1,"name":"Accueil","item":"https:\/\/edilex.com\/fr\/"},{"@type":"ListItem","position":2,"name":"Conditions d&#8217;utilisation"}]},{"@type":"WebSite","@id":"https:\/\/edilex.com\/fr\/#website","url":"https:\/\/edilex.com\/fr\/","name":"Edilex.com","description":"Offrir la meilleure exp\u00e9rience juridique par l&#039;innovation.","publisher":{"@id":"https:\/\/edilex.com\/fr\/#organization"},"potentialAction":[{"@type":"SearchAction","target":{"@type":"EntryPoint","urlTemplate":"https:\/\/edilex.com\/fr\/?s={search_term_string}"},"query-input":{"@type":"PropertyValueSpecification","valueRequired":true,"valueName":"search_term_string"}}],"inLanguage":"fr-FR"},{"@type":"Organization","@id":"https:\/\/edilex.com\/fr\/#organization","name":"Edilex.com","url":"https:\/\/edilex.com\/fr\/","logo":{"@type":"ImageObject","inLanguage":"fr-FR","@id":"https:\/\/edilex.com\/fr\/#\/schema\/logo\/image\/","url":"https:\/\/edilex.com\/wp-content\/uploads\/2024\/01\/Logo-Edilex-2024-Officiel.png","contentUrl":"https:\/\/edilex.com\/wp-content\/uploads\/2024\/01\/Logo-Edilex-2024-Officiel.png","width":2313,"height":621,"caption":"Edilex.com"},"image":{"@id":"https:\/\/edilex.com\/fr\/#\/schema\/logo\/image\/"}}]}},"_links":{"self":[{"href":"https:\/\/edilex.com\/fr\/wp-json\/wp\/v2\/pages\/34353","targetHints":{"allow":["GET"]}}],"collection":[{"href":"https:\/\/edilex.com\/fr\/wp-json\/wp\/v2\/pages"}],"about":[{"href":"https:\/\/edilex.com\/fr\/wp-json\/wp\/v2\/types\/page"}],"author":[{"embeddable":true,"href":"https:\/\/edilex.com\/fr\/wp-json\/wp\/v2\/users\/2"}],"replies":[{"embeddable":true,"href":"https:\/\/edilex.com\/fr\/wp-json\/wp\/v2\/comments?post=34353"}],"version-history":[{"count":4,"href":"https:\/\/edilex.com\/fr\/wp-json\/wp\/v2\/pages\/34353\/revisions"}],"predecessor-version":[{"id":37506,"href":"https:\/\/edilex.com\/fr\/wp-json\/wp\/v2\/pages\/34353\/revisions\/37506"}],"wp:featuredmedia":[{"embeddable":true,"href":"https:\/\/edilex.com\/fr\/wp-json\/wp\/v2\/media\/37409"}],"wp:attachment":[{"href":"https:\/\/edilex.com\/fr\/wp-json\/wp\/v2\/media?parent=34353"}],"curies":[{"name":"wp","href":"https:\/\/api.w.org\/{rel}","templated":true}]}}