{"id":34511,"date":"2024-02-29T10:42:04","date_gmt":"2024-02-29T15:42:04","guid":{"rendered":"https:\/\/edilex.com\/?page_id=34511"},"modified":"2026-05-05T14:17:15","modified_gmt":"2026-05-05T18:17:15","slug":"demande-dassistance","status":"publish","type":"page","link":"https:\/\/edilex.com\/fr\/demande-dassistance\/","title":{"rendered":"Demande d&rsquo;assistance"},"content":{"rendered":"\t\t<div data-elementor-type=\"wp-page\" data-elementor-id=\"34511\" class=\"elementor elementor-34511\" data-elementor-post-type=\"page\">\n\t\t\t\t<div class=\"elementor-element elementor-element-de02641 e-flex e-con-boxed e-con e-parent\" data-id=\"de02641\" data-element_type=\"container\" data-e-type=\"container\">\n\t\t\t\t\t<div class=\"e-con-inner\">\n\t\t<div class=\"elementor-element elementor-element-0fb03ec e-con-full e-flex e-con e-child\" data-id=\"0fb03ec\" data-element_type=\"container\" data-e-type=\"container\">\n\t\t\t\t<div data-ep-wrapper-link=\"{&quot;url&quot;:&quot;https:\\\/\\\/edilex.com\\\/&quot;,&quot;is_external&quot;:&quot;&quot;,&quot;nofollow&quot;:&quot;&quot;,&quot;custom_attributes&quot;:&quot;&quot;}\" style=\"cursor: pointer\" class=\"bdt-element-link elementor-element elementor-element-3ae2c5b elementor-widget__width-initial elementor-widget elementor-widget-image\" data-id=\"3ae2c5b\" data-element_type=\"widget\" data-e-type=\"widget\" data-widget_type=\"image.default\">\n\t\t\t\t<div class=\"elementor-widget-container\">\n\t\t\t\t\t\t\t\t\t\t\t\t\t\t\t<img fetchpriority=\"high\" decoding=\"async\" width=\"2313\" height=\"621\" src=\"https:\/\/edilex.com\/wp-content\/uploads\/2024\/02\/Logo-Edilex-2024-Officiel-1.png\" class=\"attachment-full size-full wp-image-32694\" alt=\"Edilex\" srcset=\"https:\/\/edilex.com\/wp-content\/uploads\/2024\/02\/Logo-Edilex-2024-Officiel-1.png 2313w, https:\/\/edilex.com\/wp-content\/uploads\/2024\/02\/Logo-Edilex-2024-Officiel-1-300x81.png 300w, https:\/\/edilex.com\/wp-content\/uploads\/2024\/02\/Logo-Edilex-2024-Officiel-1-1024x275.png 1024w, https:\/\/edilex.com\/wp-content\/uploads\/2024\/02\/Logo-Edilex-2024-Officiel-1-768x206.png 768w, https:\/\/edilex.com\/wp-content\/uploads\/2024\/02\/Logo-Edilex-2024-Officiel-1-1536x412.png 1536w, https:\/\/edilex.com\/wp-content\/uploads\/2024\/02\/Logo-Edilex-2024-Officiel-1-2048x550.png 2048w, https:\/\/edilex.com\/wp-content\/uploads\/2024\/02\/Logo-Edilex-2024-Officiel-1-650x175.png 650w\" sizes=\"(max-width: 2313px) 100vw, 2313px\" \/>\t\t\t\t\t\t\t\t\t\t\t\t\t\t\t<\/div>\n\t\t\t\t<\/div>\n\t\t\t\t<div class=\"elementor-element elementor-element-5324493 elementor-widget elementor-widget-spacer\" data-id=\"5324493\" data-element_type=\"widget\" data-e-type=\"widget\" data-widget_type=\"spacer.default\">\n\t\t\t\t<div class=\"elementor-widget-container\">\n\t\t\t\t\t\t\t<div class=\"elementor-spacer\">\n\t\t\t<div class=\"elementor-spacer-inner\"><\/div>\n\t\t<\/div>\n\t\t\t\t\t\t<\/div>\n\t\t\t\t<\/div>\n\t\t\t\t<div class=\"elementor-element elementor-element-87f0454 elementor-widget elementor-widget-heading\" data-id=\"87f0454\" data-element_type=\"widget\" data-e-type=\"widget\" data-widget_type=\"heading.default\">\n\t\t\t\t<div class=\"elementor-widget-container\">\n\t\t\t\t\t<h2 class=\"elementor-heading-title elementor-size-default\">Vous avez besoin d'assistance?<\/h2>\t\t\t\t<\/div>\n\t\t\t\t<\/div>\n\t\t\t\t<div class=\"elementor-element elementor-element-ab65330 elementor-widget elementor-widget-spacer\" data-id=\"ab65330\" data-element_type=\"widget\" data-e-type=\"widget\" data-widget_type=\"spacer.default\">\n\t\t\t\t<div class=\"elementor-widget-container\">\n\t\t\t\t\t\t\t<div class=\"elementor-spacer\">\n\t\t\t<div class=\"elementor-spacer-inner\"><\/div>\n\t\t<\/div>\n\t\t\t\t\t\t<\/div>\n\t\t\t\t<\/div>\n\t\t\t\t<div class=\"elementor-element elementor-element-b480da4 elementor-widget elementor-widget-heading\" data-id=\"b480da4\" data-element_type=\"widget\" data-e-type=\"widget\" data-widget_type=\"heading.default\">\n\t\t\t\t<div class=\"elementor-widget-container\">\n\t\t\t\t\t<h2 class=\"elementor-heading-title elementor-size-default\">Veuillez remplir le formulaire de demande d'assistance et un de nos sp\u00e9cialiste produit vous contactera dans les plus brefs d\u00e9lais.\n\n<\/h2>\t\t\t\t<\/div>\n\t\t\t\t<\/div>\n\t\t\t\t<div class=\"elementor-element elementor-element-315e5ea elementor-widget elementor-widget-heading\" data-id=\"315e5ea\" data-element_type=\"widget\" data-e-type=\"widget\" data-widget_type=\"heading.default\">\n\t\t\t\t<div class=\"elementor-widget-container\">\n\t\t\t\t\t<h2 class=\"elementor-heading-title elementor-size-default\">Si votre demande n\u00e9cessite une assistance imm\u00e9diate, veuillez nous appeler directement au :<\/h2>\t\t\t\t<\/div>\n\t\t\t\t<\/div>\n\t\t\t\t<div class=\"elementor-element elementor-element-cafe87b elementor-widget elementor-widget-spacer\" data-id=\"cafe87b\" data-element_type=\"widget\" data-e-type=\"widget\" data-widget_type=\"spacer.default\">\n\t\t\t\t<div class=\"elementor-widget-container\">\n\t\t\t\t\t\t\t<div class=\"elementor-spacer\">\n\t\t\t<div class=\"elementor-spacer-inner\"><\/div>\n\t\t<\/div>\n\t\t\t\t\t\t<\/div>\n\t\t\t\t<\/div>\n\t\t\t\t<div class=\"elementor-element elementor-element-00531d2 elementor-widget elementor-widget-button\" data-id=\"00531d2\" data-element_type=\"widget\" data-e-type=\"widget\" data-widget_type=\"button.default\">\n\t\t\t\t<div class=\"elementor-widget-container\">\n\t\t\t\t\t\t\t\t\t<div class=\"elementor-button-wrapper\">\n\t\t\t\t\t<a class=\"elementor-button elementor-button-link elementor-size-sm\" href=\"tel:18777455410\">\n\t\t\t\t\t\t<span class=\"elementor-button-content-wrapper\">\n\t\t\t\t\t\t\t\t\t<span class=\"elementor-button-text\">1-877-745-5410<\/span>\n\t\t\t\t\t<\/span>\n\t\t\t\t\t<\/a>\n\t\t\t\t<\/div>\n\t\t\t\t\t\t\t\t<\/div>\n\t\t\t\t<\/div>\n\t\t\t\t<\/div>\n\t\t<div class=\"elementor-element elementor-element-d2a3dd8 e-con-full e-flex e-con e-child\" data-id=\"d2a3dd8\" data-element_type=\"container\" data-e-type=\"container\" data-settings=\"{&quot;background_background&quot;:&quot;classic&quot;}\">\n\t\t\t\t<div class=\"elementor-element elementor-element-1802627 elementor-widget elementor-widget-heading\" data-id=\"1802627\" data-element_type=\"widget\" data-e-type=\"widget\" data-widget_type=\"heading.default\">\n\t\t\t\t<div class=\"elementor-widget-container\">\n\t\t\t\t\t<h2 class=\"elementor-heading-title elementor-size-default\">Demande d'assistance Edilex<\/h2>\t\t\t\t<\/div>\n\t\t\t\t<\/div>\n\t\t\t\t<div class=\"elementor-element elementor-element-d34a669 elementor-button-align-center elementor-widget elementor-widget-form\" data-id=\"d34a669\" data-element_type=\"widget\" data-e-type=\"widget\" data-settings=\"{&quot;step_next_label&quot;:&quot;Suivant&quot;,&quot;step_previous_label&quot;:&quot;Pr\\u00e9c\\u00e9dent&quot;,&quot;button_width&quot;:&quot;100&quot;,&quot;step_type&quot;:&quot;number_text&quot;,&quot;step_icon_shape&quot;:&quot;circle&quot;}\" data-widget_type=\"form.default\">\n\t\t\t\t<div class=\"elementor-widget-container\">\n\t\t\t\t\t\t\t<form class=\"elementor-form\" method=\"post\" id=\"supporters\" name=\"Soutient Edilex\" aria-label=\"Soutient Edilex\">\n\t\t\t<input type=\"hidden\" name=\"post_id\" value=\"34511\"\/>\n\t\t\t<input type=\"hidden\" name=\"form_id\" value=\"d34a669\"\/>\n\t\t\t<input type=\"hidden\" name=\"referer_title\" value=\"Edilex.com\" \/>\n\n\t\t\t\n\t\t\t<div class=\"elementor-form-fields-wrapper elementor-labels-above\">\n\t\t\t\t\t\t\t\t<div class=\"elementor-field-type-text elementor-field-group elementor-column elementor-field-group-name elementor-col-50 elementor-field-required elementor-mark-required\">\n\t\t\t\t\t\t\t\t\t\t\t\t<label for=\"form-field-name\" class=\"elementor-field-label\">\n\t\t\t\t\t\t\t\tPr\u00e9nom\t\t\t\t\t\t\t<\/label>\n\t\t\t\t\t\t\t\t\t\t\t\t\t\t<input size=\"1\" type=\"text\" name=\"form_fields[name]\" id=\"form-field-name\" class=\"elementor-field elementor-size-md  elementor-field-textual\" placeholder=\"Saisissez votre pr\u00e9nom\" required=\"required\">\n\t\t\t\t\t\t\t\t\t\t\t<\/div>\n\t\t\t\t\t\t\t\t<div class=\"elementor-field-type-text elementor-field-group elementor-column elementor-field-group-lastname elementor-col-50 elementor-field-required elementor-mark-required\">\n\t\t\t\t\t\t\t\t\t\t\t\t<label for=\"form-field-lastname\" class=\"elementor-field-label\">\n\t\t\t\t\t\t\t\tNom de famille\t\t\t\t\t\t\t<\/label>\n\t\t\t\t\t\t\t\t\t\t\t\t\t\t<input size=\"1\" type=\"text\" name=\"form_fields[lastname]\" id=\"form-field-lastname\" class=\"elementor-field elementor-size-md  elementor-field-textual\" placeholder=\"Saisissez votre nom de famille\" required=\"required\">\n\t\t\t\t\t\t\t\t\t\t\t<\/div>\n\t\t\t\t\t\t\t\t<div class=\"elementor-field-type-text elementor-field-group elementor-column elementor-field-group-entreprise elementor-col-50 elementor-field-required elementor-mark-required\">\n\t\t\t\t\t\t\t\t\t\t\t\t<label for=\"form-field-entreprise\" class=\"elementor-field-label\">\n\t\t\t\t\t\t\t\tNom de votre entreprise\t\t\t\t\t\t\t<\/label>\n\t\t\t\t\t\t\t\t\t\t\t\t\t\t<input size=\"1\" type=\"text\" name=\"form_fields[entreprise]\" id=\"form-field-entreprise\" class=\"elementor-field elementor-size-md  elementor-field-textual\" placeholder=\"Saisissez le nom de votre entreprise\" required=\"required\">\n\t\t\t\t\t\t\t\t\t\t\t<\/div>\n\t\t\t\t\t\t\t\t<div class=\"elementor-field-type-tel elementor-field-group elementor-column elementor-field-group-Telephone elementor-col-50 elementor-field-required elementor-mark-required\">\n\t\t\t\t\t\t\t\t\t\t\t\t<label for=\"form-field-Telephone\" class=\"elementor-field-label\">\n\t\t\t\t\t\t\t\tNum\u00e9ro de t\u00e9l\u00e9phone d'entreprise\t\t\t\t\t\t\t<\/label>\n\t\t\t\t\t\t\t\t<input size=\"1\" type=\"tel\" name=\"form_fields[Telephone]\" id=\"form-field-Telephone\" class=\"elementor-field elementor-size-md  elementor-field-textual\" placeholder=\"Saisissez votre num\u00e9ro de t\u00e9l\u00e9phone\" required=\"required\" pattern=\"[0-9()#&amp;+*-=.]+\" title=\"Seuls les caract\u00e8res de num\u00e9ros de t\u00e9l\u00e9phone (#, -, *, etc.) sont accept\u00e9s.\">\n\n\t\t\t\t\t\t<\/div>\n\t\t\t\t\t\t\t\t<div class=\"elementor-field-type-email elementor-field-group elementor-column elementor-field-group-email elementor-col-100 elementor-field-required elementor-mark-required\">\n\t\t\t\t\t\t\t\t\t\t\t\t<label for=\"form-field-email\" class=\"elementor-field-label\">\n\t\t\t\t\t\t\t\tCourriel d'entreprise\t\t\t\t\t\t\t<\/label>\n\t\t\t\t\t\t\t\t\t\t\t\t\t\t<input size=\"1\" type=\"email\" name=\"form_fields[email]\" id=\"form-field-email\" class=\"elementor-field elementor-size-md  elementor-field-textual\" placeholder=\"Saisissez votre courriel d&#039;entreprise\" required=\"required\">\n\t\t\t\t\t\t\t\t\t\t\t<\/div>\n\t\t\t\t\t\t\t\t<div class=\"elementor-field-type-select elementor-field-group elementor-column elementor-field-group-Produit elementor-col-100 elementor-field-required elementor-mark-required\">\n\t\t\t\t\t\t\t\t\t\t\t\t<label for=\"form-field-Produit\" class=\"elementor-field-label\">\n\t\t\t\t\t\t\t\tAvec quel produit avez-vous besoin d'assistance\t\t\t\t\t\t\t<\/label>\n\t\t\t\t\t\t\t\t<div class=\"elementor-field elementor-select-wrapper remove-before \">\n\t\t\t<div class=\"select-caret-down-wrapper\">\n\t\t\t\t<i aria-hidden=\"true\" class=\"eicon-caret-down\"><\/i>\t\t\t<\/div>\n\t\t\t<select name=\"form_fields[Produit]\" id=\"form-field-Produit\" class=\"elementor-field-textual elementor-size-md\" required=\"required\">\n\t\t\t\t\t\t\t\t\t<option value=\"Edilexpert (Approvisionnement public)\">Edilexpert (Approvisionnement public)<\/option>\n\t\t\t\t\t\t\t\t\t<option value=\"Application Edilex (Entreprise et cabinet juridique)\">Application Edilex (Entreprise et cabinet juridique)<\/option>\n\t\t\t\t\t\t\t\t\t<option value=\"Oprio (Locateur)\">Oprio (Locateur)<\/option>\n\t\t\t\t\t\t\t\t\t<option value=\"Centre de documentation\">Centre de documentation<\/option>\n\t\t\t\t\t\t\t<\/select>\n\t\t<\/div>\n\t\t\t\t\t\t<\/div>\n\t\t\t\t\t\t\t\t<div class=\"elementor-field-type-textarea elementor-field-group elementor-column elementor-field-group-details elementor-col-100 elementor-field-required elementor-mark-required\">\n\t\t\t\t\t\t\t\t\t\t\t\t<label for=\"form-field-details\" class=\"elementor-field-label\">\n\t\t\t\t\t\t\t\tQuel est le probl\u00e8me rencontr\u00e9 ?\t\t\t\t\t\t\t<\/label>\n\t\t\t\t\t\t<textarea class=\"elementor-field-textual elementor-field  elementor-size-md\" name=\"form_fields[details]\" id=\"form-field-details\" rows=\"7\" placeholder=\"Veuillez nous d\u00e9crire sommairement votre probl\u00e8me\" required=\"required\"><\/textarea>\t\t\t\t<\/div>\n\t\t\t\t\t\t\t\t<div class=\"elementor-field-group elementor-column elementor-field-type-submit elementor-col-100 e-form__buttons\">\n\t\t\t\t\t<button class=\"elementor-button elementor-size-sm\" type=\"submit\" id=\"submit2\">\n\t\t\t\t\t\t<span class=\"elementor-button-content-wrapper\">\n\t\t\t\t\t\t\t\t\t\t\t\t\t\t\t\t\t\t\t\t\t\t<span class=\"elementor-button-text\">Soumettre ma demande<\/span>\n\t\t\t\t\t\t\t\t\t\t\t\t\t<\/span>\n\t\t\t\t\t<\/button>\n\t\t\t\t<\/div>\n\t\t\t<\/div>\n\t\t<\/form>\n\t\t\t\t\t\t<\/div>\n\t\t\t\t<\/div>\n\t\t\t\t<\/div>\n\t\t\t\t\t<\/div>\n\t\t\t\t<\/div>\n\t\t\t\t<\/div>\n\t\t","protected":false},"excerpt":{"rendered":"<p>Vous avez besoin d&rsquo;assistance? Veuillez remplir le formulaire de demande d&rsquo;assistance et un de nos sp\u00e9cialiste produit vous contactera dans les plus [&hellip;]<\/p>\n","protected":false},"author":2,"featured_media":37475,"parent":0,"menu_order":0,"comment_status":"closed","ping_status":"closed","template":"elementor_canvas","meta":{"inline_featured_image":false,"footnotes":""},"class_list":["post-34511","page","type-page","status-publish","has-post-thumbnail","hentry"],"yoast_head":"<!-- This site is optimized with the Yoast SEO Premium plugin v27.1 (Yoast SEO v27.5) - https:\/\/yoast.com\/product\/yoast-seo-premium-wordpress\/ -->\n<title>Demande d&#039;assistance - Edilex<\/title>\n<meta name=\"description\" content=\"Vous avez besoin d&#039;assistance? Remplissez le formulaire de demande de soutien et un de nos sp\u00e9cialiste produit vous contactera dans les...\" \/>\n<meta name=\"robots\" content=\"index, follow, max-snippet:-1, max-image-preview:large, max-video-preview:-1\" \/>\n<link rel=\"canonical\" href=\"https:\/\/edilex.com\/fr\/demande-dassistance\/\" \/>\n<meta property=\"og:locale\" content=\"fr_FR\" \/>\n<meta property=\"og:type\" content=\"article\" \/>\n<meta property=\"og:title\" content=\"Demande d&#039;assistance\" \/>\n<meta property=\"og:description\" content=\"Vous avez besoin d&#039;assistance? Remplissez le formulaire de demande de soutien et un de nos sp\u00e9cialiste produit vous contactera dans les...\" \/>\n<meta property=\"og:url\" content=\"https:\/\/edilex.com\/fr\/demande-dassistance\/\" \/>\n<meta property=\"og:site_name\" content=\"Edilex.com\" \/>\n<meta property=\"article:modified_time\" content=\"2026-05-05T18:17:15+00:00\" \/>\n<meta property=\"og:image\" content=\"https:\/\/edilex.com\/wp-content\/uploads\/2025\/01\/5138237.jpg\" \/>\n\t<meta property=\"og:image:width\" content=\"2000\" \/>\n\t<meta property=\"og:image:height\" content=\"2000\" \/>\n\t<meta property=\"og:image:type\" content=\"image\/jpeg\" \/>\n<meta name=\"twitter:card\" content=\"summary_large_image\" \/>\n<meta name=\"twitter:label1\" content=\"Dur\u00e9e de lecture estim\u00e9e\" \/>\n\t<meta name=\"twitter:data1\" content=\"1 minute\" \/>\n<script type=\"application\/ld+json\" class=\"yoast-schema-graph\">{\"@context\":\"https:\\\/\\\/schema.org\",\"@graph\":[{\"@type\":\"WebPage\",\"@id\":\"https:\\\/\\\/edilex.com\\\/fr\\\/demande-dassistance\\\/\",\"url\":\"https:\\\/\\\/edilex.com\\\/fr\\\/demande-dassistance\\\/\",\"name\":\"Demande d'assistance - Edilex\",\"isPartOf\":{\"@id\":\"https:\\\/\\\/edilex.com\\\/fr\\\/#website\"},\"primaryImageOfPage\":{\"@id\":\"https:\\\/\\\/edilex.com\\\/fr\\\/demande-dassistance\\\/#primaryimage\"},\"image\":{\"@id\":\"https:\\\/\\\/edilex.com\\\/fr\\\/demande-dassistance\\\/#primaryimage\"},\"thumbnailUrl\":\"https:\\\/\\\/edilex.com\\\/wp-content\\\/uploads\\\/2025\\\/01\\\/5138237.jpg\",\"datePublished\":\"2024-02-29T15:42:04+00:00\",\"dateModified\":\"2026-05-05T18:17:15+00:00\",\"description\":\"Vous avez besoin d'assistance? Remplissez le formulaire de demande de soutien et un de nos sp\u00e9cialiste produit vous contactera dans les...\",\"breadcrumb\":{\"@id\":\"https:\\\/\\\/edilex.com\\\/fr\\\/demande-dassistance\\\/#breadcrumb\"},\"inLanguage\":\"fr-FR\",\"potentialAction\":[{\"@type\":\"ReadAction\",\"target\":[\"https:\\\/\\\/edilex.com\\\/fr\\\/demande-dassistance\\\/\"]}]},{\"@type\":\"ImageObject\",\"inLanguage\":\"fr-FR\",\"@id\":\"https:\\\/\\\/edilex.com\\\/fr\\\/demande-dassistance\\\/#primaryimage\",\"url\":\"https:\\\/\\\/edilex.com\\\/wp-content\\\/uploads\\\/2025\\\/01\\\/5138237.jpg\",\"contentUrl\":\"https:\\\/\\\/edilex.com\\\/wp-content\\\/uploads\\\/2025\\\/01\\\/5138237.jpg\",\"width\":2000,\"height\":2000,\"caption\":\"Demande d'assistance\"},{\"@type\":\"BreadcrumbList\",\"@id\":\"https:\\\/\\\/edilex.com\\\/fr\\\/demande-dassistance\\\/#breadcrumb\",\"itemListElement\":[{\"@type\":\"ListItem\",\"position\":1,\"name\":\"Accueil\",\"item\":\"https:\\\/\\\/edilex.com\\\/fr\\\/\"},{\"@type\":\"ListItem\",\"position\":2,\"name\":\"Demande d&#8217;assistance\"}]},{\"@type\":\"WebSite\",\"@id\":\"https:\\\/\\\/edilex.com\\\/fr\\\/#website\",\"url\":\"https:\\\/\\\/edilex.com\\\/fr\\\/\",\"name\":\"Edilex.com\",\"description\":\"Offrir la meilleure exp\u00e9rience juridique par l&#039;innovation.\",\"publisher\":{\"@id\":\"https:\\\/\\\/edilex.com\\\/fr\\\/#organization\"},\"potentialAction\":[{\"@type\":\"SearchAction\",\"target\":{\"@type\":\"EntryPoint\",\"urlTemplate\":\"https:\\\/\\\/edilex.com\\\/fr\\\/?s={search_term_string}\"},\"query-input\":{\"@type\":\"PropertyValueSpecification\",\"valueRequired\":true,\"valueName\":\"search_term_string\"}}],\"inLanguage\":\"fr-FR\"},{\"@type\":\"Organization\",\"@id\":\"https:\\\/\\\/edilex.com\\\/fr\\\/#organization\",\"name\":\"Edilex.com\",\"url\":\"https:\\\/\\\/edilex.com\\\/fr\\\/\",\"logo\":{\"@type\":\"ImageObject\",\"inLanguage\":\"fr-FR\",\"@id\":\"https:\\\/\\\/edilex.com\\\/fr\\\/#\\\/schema\\\/logo\\\/image\\\/\",\"url\":\"https:\\\/\\\/edilex.com\\\/wp-content\\\/uploads\\\/2024\\\/01\\\/Logo-Edilex-2024-Officiel.png\",\"contentUrl\":\"https:\\\/\\\/edilex.com\\\/wp-content\\\/uploads\\\/2024\\\/01\\\/Logo-Edilex-2024-Officiel.png\",\"width\":2313,\"height\":621,\"caption\":\"Edilex.com\"},\"image\":{\"@id\":\"https:\\\/\\\/edilex.com\\\/fr\\\/#\\\/schema\\\/logo\\\/image\\\/\"}}]}<\/script>\n<!-- \/ Yoast SEO Premium plugin. -->","yoast_head_json":{"title":"Demande d'assistance - Edilex","description":"Vous avez besoin d'assistance? Remplissez le formulaire de demande de soutien et un de nos sp\u00e9cialiste produit vous contactera dans les...","robots":{"index":"index","follow":"follow","max-snippet":"max-snippet:-1","max-image-preview":"max-image-preview:large","max-video-preview":"max-video-preview:-1"},"canonical":"https:\/\/edilex.com\/fr\/demande-dassistance\/","og_locale":"fr_FR","og_type":"article","og_title":"Demande d'assistance","og_description":"Vous avez besoin d'assistance? Remplissez le formulaire de demande de soutien et un de nos sp\u00e9cialiste produit vous contactera dans les...","og_url":"https:\/\/edilex.com\/fr\/demande-dassistance\/","og_site_name":"Edilex.com","article_modified_time":"2026-05-05T18:17:15+00:00","og_image":[{"width":2000,"height":2000,"url":"https:\/\/edilex.com\/wp-content\/uploads\/2025\/01\/5138237.jpg","type":"image\/jpeg"}],"twitter_card":"summary_large_image","twitter_misc":{"Dur\u00e9e de lecture estim\u00e9e":"1 minute"},"schema":{"@context":"https:\/\/schema.org","@graph":[{"@type":"WebPage","@id":"https:\/\/edilex.com\/fr\/demande-dassistance\/","url":"https:\/\/edilex.com\/fr\/demande-dassistance\/","name":"Demande d'assistance - Edilex","isPartOf":{"@id":"https:\/\/edilex.com\/fr\/#website"},"primaryImageOfPage":{"@id":"https:\/\/edilex.com\/fr\/demande-dassistance\/#primaryimage"},"image":{"@id":"https:\/\/edilex.com\/fr\/demande-dassistance\/#primaryimage"},"thumbnailUrl":"https:\/\/edilex.com\/wp-content\/uploads\/2025\/01\/5138237.jpg","datePublished":"2024-02-29T15:42:04+00:00","dateModified":"2026-05-05T18:17:15+00:00","description":"Vous avez besoin d'assistance? Remplissez le formulaire de demande de soutien et un de nos sp\u00e9cialiste produit vous contactera dans les...","breadcrumb":{"@id":"https:\/\/edilex.com\/fr\/demande-dassistance\/#breadcrumb"},"inLanguage":"fr-FR","potentialAction":[{"@type":"ReadAction","target":["https:\/\/edilex.com\/fr\/demande-dassistance\/"]}]},{"@type":"ImageObject","inLanguage":"fr-FR","@id":"https:\/\/edilex.com\/fr\/demande-dassistance\/#primaryimage","url":"https:\/\/edilex.com\/wp-content\/uploads\/2025\/01\/5138237.jpg","contentUrl":"https:\/\/edilex.com\/wp-content\/uploads\/2025\/01\/5138237.jpg","width":2000,"height":2000,"caption":"Demande d'assistance"},{"@type":"BreadcrumbList","@id":"https:\/\/edilex.com\/fr\/demande-dassistance\/#breadcrumb","itemListElement":[{"@type":"ListItem","position":1,"name":"Accueil","item":"https:\/\/edilex.com\/fr\/"},{"@type":"ListItem","position":2,"name":"Demande d&#8217;assistance"}]},{"@type":"WebSite","@id":"https:\/\/edilex.com\/fr\/#website","url":"https:\/\/edilex.com\/fr\/","name":"Edilex.com","description":"Offrir la meilleure exp\u00e9rience juridique par l&#039;innovation.","publisher":{"@id":"https:\/\/edilex.com\/fr\/#organization"},"potentialAction":[{"@type":"SearchAction","target":{"@type":"EntryPoint","urlTemplate":"https:\/\/edilex.com\/fr\/?s={search_term_string}"},"query-input":{"@type":"PropertyValueSpecification","valueRequired":true,"valueName":"search_term_string"}}],"inLanguage":"fr-FR"},{"@type":"Organization","@id":"https:\/\/edilex.com\/fr\/#organization","name":"Edilex.com","url":"https:\/\/edilex.com\/fr\/","logo":{"@type":"ImageObject","inLanguage":"fr-FR","@id":"https:\/\/edilex.com\/fr\/#\/schema\/logo\/image\/","url":"https:\/\/edilex.com\/wp-content\/uploads\/2024\/01\/Logo-Edilex-2024-Officiel.png","contentUrl":"https:\/\/edilex.com\/wp-content\/uploads\/2024\/01\/Logo-Edilex-2024-Officiel.png","width":2313,"height":621,"caption":"Edilex.com"},"image":{"@id":"https:\/\/edilex.com\/fr\/#\/schema\/logo\/image\/"}}]}},"_links":{"self":[{"href":"https:\/\/edilex.com\/fr\/wp-json\/wp\/v2\/pages\/34511","targetHints":{"allow":["GET"]}}],"collection":[{"href":"https:\/\/edilex.com\/fr\/wp-json\/wp\/v2\/pages"}],"about":[{"href":"https:\/\/edilex.com\/fr\/wp-json\/wp\/v2\/types\/page"}],"author":[{"embeddable":true,"href":"https:\/\/edilex.com\/fr\/wp-json\/wp\/v2\/users\/2"}],"replies":[{"embeddable":true,"href":"https:\/\/edilex.com\/fr\/wp-json\/wp\/v2\/comments?post=34511"}],"version-history":[{"count":45,"href":"https:\/\/edilex.com\/fr\/wp-json\/wp\/v2\/pages\/34511\/revisions"}],"predecessor-version":[{"id":46377,"href":"https:\/\/edilex.com\/fr\/wp-json\/wp\/v2\/pages\/34511\/revisions\/46377"}],"wp:featuredmedia":[{"embeddable":true,"href":"https:\/\/edilex.com\/fr\/wp-json\/wp\/v2\/media\/37475"}],"wp:attachment":[{"href":"https:\/\/edilex.com\/fr\/wp-json\/wp\/v2\/media?parent=34511"}],"curies":[{"name":"wp","href":"https:\/\/api.w.org\/{rel}","templated":true}]}}